{"id":1216,"date":"2023-08-17T18:16:08","date_gmt":"2023-08-17T18:16:08","guid":{"rendered":"https:\/\/nbhk.dk\/?page_id=1216"},"modified":"2024-08-25T18:34:05","modified_gmt":"2024-08-25T18:34:05","slug":"sponsor","status":"publish","type":"page","link":"https:\/\/nbhk.dk\/?page_id=1216","title":{"rendered":"Sponsor"},"content":{"rendered":"\n<p class=\"has-text-align-center has-primary-color has-text-color has-background has-link-color has-normal-font-size wp-elements-b09a138f8f0b1f9ed24ea5c280d6cb70\" style=\"background:radial-gradient(rgb(202,248,128) 0%,rgb(28,104,39) 100%)\"><strong>SuperBrugsen N\u00f8rre Aaby<\/strong><\/p>\n\n\n\n<p class=\"has-text-align-center has-primary-color has-text-color has-background has-link-color has-normal-font-size wp-elements-88ad5ba671d0a3484b3120de47b58ada\" style=\"background:radial-gradient(rgb(202,248,128) 0%,rgb(28,104,39) 100%)\"><strong>Fynske Bank<\/strong><\/p>\n\n\n\n<p class=\"has-text-align-center has-primary-color has-text-color has-background has-link-color has-normal-font-size wp-elements-554307fc63529a536918d610337bc94e\" style=\"background:radial-gradient(rgb(202,248,128) 0%,rgb(28,104,39) 100%)\"><strong>XL Byg N\u00f8rre Aaby<\/strong><\/p>\n\n\n\n<p class=\"has-text-align-center has-primary-color has-text-color has-background has-link-color has-normal-font-size wp-elements-b5e096786bbaf3a3f703be49ae5e720d\" style=\"background:radial-gradient(rgb(202,248,128) 0%,rgb(28,104,39) 100%)\"><strong>BM Lakering<\/strong><\/p>\n\n\n\n<p class=\"has-text-align-center has-primary-color has-text-color has-background has-link-color has-normal-font-size wp-elements-95519ade797511c0d9e226bfad99d346\" style=\"background:radial-gradient(rgb(202,248,128) 0%,rgb(28,104,39) 100%)\"><strong>Hotel \u00c5rup Kro<\/strong><\/p>\n\n\n\n<p class=\"has-text-align-center has-primary-color has-text-color has-background has-link-color has-normal-font-size wp-elements-fdd40b0195d27ad6083e8ffcd63265ad\" style=\"background:radial-gradient(rgb(202,248,128) 0%,rgb(28,104,39) 100%)\"><strong>N\u00f8rre Aaby T\u00f8mrer og Snedker<\/strong><\/p>\n\n\n\n<p class=\"has-text-align-center has-primary-color has-text-color has-background has-link-color has-normal-font-size wp-elements-86f5b7bb1ab429078a83e4e63779ad45\" style=\"background:radial-gradient(rgb(202,248,128) 0%,rgb(28,104,39) 100%)\"><strong>Gamborg Genetics<\/strong><\/p>\n\n\n\n<p class=\"has-text-align-center has-primary-color has-text-color has-background has-link-color has-normal-font-size wp-elements-a191113a0b5db25af1b5948f09f3779e\" style=\"background:radial-gradient(rgb(202,248,128) 0%,rgb(28,104,39) 100%)\"><strong>CT Elteknik<\/strong><\/p>\n\n\n\n<p class=\"has-text-align-center has-primary-color has-text-color has-background has-link-color has-normal-font-size wp-elements-b9a2691d6630babe5fb3bd4a3b409085\" style=\"background:radial-gradient(rgb(202,248,128) 0%,rgb(28,104,39) 100%)\"><strong>Vognmand Morten Hansen Handel &amp; Transport<\/strong><\/p>\n\n\n\n<p class=\"has-text-align-center has-primary-color has-text-color has-background has-link-color has-normal-font-size wp-elements-44a2ef27c143c5678b23c11f9aba25a1\" style=\"background:radial-gradient(rgb(202,248,128) 0%,rgb(28,104,39) 100%)\"><strong>Estate<\/strong><\/p>\n\n\n\n<p class=\"has-text-align-center has-primary-color has-text-color has-background has-link-color has-normal-font-size wp-elements-faf709368fb6a38d3f237142bd7907e0\" style=\"background:radial-gradient(rgb(202,248,128) 0%,rgb(28,104,39) 100%)\"><strong>Humledepotet<\/strong><\/p>\n\n\n\n<p class=\"has-text-align-center has-primary-color has-text-color has-background has-link-color has-normal-font-size wp-elements-b1c98bf6d1eb368e10541c02d6e62dc1\" style=\"background:radial-gradient(rgb(202,248,128) 0%,rgb(28,104,39) 100%)\"><strong>Rema1000 N\u00f8rre Aaby<\/strong><\/p>\n\n\n\n<p class=\"has-text-align-center has-primary-color has-text-color has-background has-link-color has-normal-font-size wp-elements-e002b4ec0f583cf2398b4b152a090323\" style=\"background:radial-gradient(rgb(202,248,128) 0%,rgb(28,104,39) 100%)\"><strong>Middelfart Sparekasse<\/strong><\/p>\n\n\n\n<p class=\"has-text-align-center has-primary-color has-text-color has-background has-link-color wp-elements-c1ad8a56a1ca1b9376c4d599c76b5d1c\" style=\"background:radial-gradient(rgb(202,248,128) 0%,rgb(29,111,40) 100%)\"><strong>Nybolig<\/strong><\/p>\n\n\n\n<p class=\"has-text-align-center has-primary-color has-text-color has-background has-link-color has-normal-font-size wp-elements-a4d1765f97e5dd159593ae4c07f5675f\" style=\"background:radial-gradient(rgb(202,248,128) 0%,rgb(28,104,39) 100%)\"><strong>Martin T\u00f8mrer<\/strong><\/p>\n\n\n\n<p class=\"has-text-align-center has-primary-color has-text-color has-background has-link-color has-normal-font-size wp-elements-f7ba121fd33440eba076b8e4a1926415\" style=\"background:radial-gradient(rgb(202,248,128) 0%,rgb(28,104,39) 100%)\"><strong>EA V\u00e6rkt\u00f8j<\/strong><\/p>\n\n\n\n<p class=\"has-text-align-center has-primary-color has-text-color has-background has-link-color has-normal-font-size wp-elements-eee6e30f6cc28dd08cdc6db441f175b4\" style=\"background:radial-gradient(rgb(202,248,128) 0%,rgb(28,104,39) 100%)\"><strong>Middelfart Malerforretning<\/strong><\/p>\n\n\n\n<p class=\"has-text-align-center has-primary-color has-text-color has-background has-link-color has-normal-font-size wp-elements-e7769b92d16492076ea7d37a41e36165\" style=\"background:radial-gradient(rgb(202,248,128) 0%,rgb(28,104,39) 100%)\"><strong>Zignal<\/strong><\/p>\n\n\n\n<p class=\"has-text-align-center has-primary-color has-text-color has-background has-link-color has-normal-font-size wp-elements-60ea8508a75f0466a1618ce4773ea97e\" style=\"background:radial-gradient(rgb(202,248,128) 0%,rgb(28,104,39) 100%)\"><strong>Silkes N\u00f8rklerier<\/strong><\/p>\n","protected":false},"excerpt":{"rendered":"<p>SuperBrugsen N\u00f8rre Aaby Fynske Bank XL Byg N\u00f8rre Aaby BM Lakering Hotel \u00c5rup Kro N\u00f8rre Aaby T\u00f8mrer og Snedker Gamborg Genetics CT Elteknik Vognmand Morten Hansen Handel &amp; Transport Estate Humledepotet Rema1000 N\u00f8rre Aaby Middelfart Sparekasse Nybolig Martin T\u00f8mrer EA V\u00e6rkt\u00f8j Middelfart Malerforretning Zignal Silkes N\u00f8rklerier<\/p>\n","protected":false},"author":2,"featured_media":0,"parent":0,"menu_order":0,"comment_status":"closed","ping_status":"closed","template":"","meta":{"footnotes":""},"class_list":["post-1216","page","type-page","status-publish","hentry"],"_links":{"self":[{"href":"https:\/\/nbhk.dk\/index.php?rest_route=\/wp\/v2\/pages\/1216","targetHints":{"allow":["GET"]}}],"collection":[{"href":"https:\/\/nbhk.dk\/index.php?rest_route=\/wp\/v2\/pages"}],"about":[{"href":"https:\/\/nbhk.dk\/index.php?rest_route=\/wp\/v2\/types\/page"}],"author":[{"embeddable":true,"href":"https:\/\/nbhk.dk\/index.php?rest_route=\/wp\/v2\/users\/2"}],"replies":[{"embeddable":true,"href":"https:\/\/nbhk.dk\/index.php?rest_route=%2Fwp%2Fv2%2Fcomments&post=1216"}],"version-history":[{"count":2,"href":"https:\/\/nbhk.dk\/index.php?rest_route=\/wp\/v2\/pages\/1216\/revisions"}],"predecessor-version":[{"id":1299,"href":"https:\/\/nbhk.dk\/index.php?rest_route=\/wp\/v2\/pages\/1216\/revisions\/1299"}],"wp:attachment":[{"href":"https:\/\/nbhk.dk\/index.php?rest_route=%2Fwp%2Fv2%2Fmedia&parent=1216"}],"curies":[{"name":"wp","href":"https:\/\/api.w.org\/{rel}","templated":true}]}}