{"id":1213,"date":"2023-08-17T18:13:59","date_gmt":"2023-08-17T18:13:59","guid":{"rendered":"https:\/\/nbhk.dk\/?page_id=1213"},"modified":"2023-08-17T18:14:00","modified_gmt":"2023-08-17T18:14:00","slug":"vedtaegter","status":"publish","type":"page","link":"https:\/\/nbhk.dk\/?page_id=1213","title":{"rendered":"Vedt\u00e6gter"},"content":{"rendered":"\n<p>Vedt\u00e6gter for N\u00f8rre&nbsp; Aaby&nbsp; B\u00e5ring&nbsp; H\u00e5ndbold Klub.&nbsp;<\/p>\n\n\n\n<ol class=\"wp-block-list\">\n<li>Klubbens navn er: N\u00f8rre\u00a0 Aaby\u00a0 B\u00e5ring\u00a0 H\u00e5ndbold\u00a0 Klub, med hjemsted\u00a0 i Middelfart Kommune.\u00a0<\/li>\n\n\n\n<li>Klubbens form\u00e5l er at give klubbens\u00a0 medlemmer\u00a0 sportslige\u00a0 og\u00a0 sociale oplevelser.\u00a0<\/li>\n\n\n\n<li>Til at varetage klubbens interesser v\u00e6lges mindst 5 medlemmer, men kan udvides med op til 9 medlemmer s\u00e5fremt bestyrelsen finder behov.<br>Bestyrelsesmedlemmer v\u00e6lges for 2 \u00e5r ad gangen.\u00a0<br>Der afholdes bestyrelsesm\u00f8de mindst en gang om m\u00e5neden.\u00a0<\/li>\n\n\n\n<li>Ordin\u00e6r generalforsamling afholdes en gang om \u00e5ret inden udgangen af april m\u00e5ned.\u00a0<br>Der skal indkaldes med 14 dages varsel.\u00a0<br>Dagsorden skal indeholde f\u00f8lgende punkter:\u00a0<br><\/li>\n<\/ol>\n\n\n\n<ul class=\"wp-block-list\">\n<li>Valg af dirigent.&nbsp;<\/li>\n\n\n\n<li>Beretning.&nbsp;<\/li>\n\n\n\n<li>Regnskab.&nbsp;<\/li>\n\n\n\n<li>Indkomne forslag, som skal v\u00e6re formanden i h\u00e6nde senest 8 dage f\u00f8r generalforsamlingen.&nbsp;<\/li>\n\n\n\n<li>Valg af bestyrelsesmedlemmer og suppleanter.&nbsp;<\/li>\n\n\n\n<li>Valg af revisor og revisorsuppleanter.\u00a0<\/li>\n\n\n\n<li>Valg af 2 suppleanter til bestyrelsen og 1 suppleant for revisorerne.\u00a0<\/li>\n\n\n\n<li>Eventuelt.\u00a0<\/li>\n<\/ul>\n\n\n\n<p>Ekstraordin\u00e6r generalforsamling afholdes, n\u00e5r mindst 20 medlemmer kr\u00e6ver det, eller n\u00e5r bestyrelsen indvarsler hertil.&nbsp;<\/p>\n\n\n\n<p>Formanden skal underrettes om beg\u00e6ringen og ledsages af forslag til dagsordenen.&nbsp;<\/p>\n\n\n\n<ul class=\"wp-block-list\">\n<li>5.<\/li>\n<\/ul>\n\n\n\n<p>Generalforsamlingen er klubbens \u00f8verste myndighed. Bestyrelsen konstituerer sig s\u00e5ledes: Valg af formand, kasserer og sekret\u00e6r.&nbsp;<\/p>\n\n\n\n<p>Desuden v\u00e6lges tovholdere til de forskellige udvalg.&nbsp;<\/p>\n\n\n\n<p>Udvalgene kan best\u00e5 af menige medlemmer af klubben, hvor en fra bestyrelsen er tovholder.&nbsp;<\/p>\n\n\n\n<p>Bestyrelsen r\u00e5der over anvendelsen af foreningens pengemidler i overensstemmelse med form\u00e5let og under ansvar overfor generalforsamlingen.&nbsp;<\/p>\n\n\n\n<p>Kassereren skal varetage og s\u00f8rge for foreningens \u00f8konomi, samt s\u00f8rge for at kontingent indg\u00e5r rettidigt.&nbsp;<\/p>\n\n\n\n<p>Det reviderede regnskab skal forel\u00e6gges p\u00e5 det sidste afholdte bestyrelsesm\u00f8de f\u00f8rend generalforsamlingen&nbsp; og skal underskrives af den samlede bestyrelse. Regnskabsperioden 1.1. \u2013 31.12.&nbsp;<\/p>\n\n\n\n<p>Stk. 1.&nbsp;<\/p>\n\n\n\n<p>Klubben forpligtes ved underskrift af 2 bestyrelsesmedlemmer, hvoraf den ene skal v\u00e6re formanden.&nbsp;<\/p>\n\n\n\n<p>Stk. 2.&nbsp;<\/p>\n\n\n\n<p>2 bestyrelsesmedlemmer, der er i familie eller samlevende, kan ikke tegne klubben.&nbsp;<\/p>\n\n\n\n<ul class=\"wp-block-list\">\n<li>6.<\/li>\n<\/ul>\n\n\n\n<p>Stemmeret p\u00e5 generalforsamlingen har alle medlemmer over 15 \u00e5r. For b\u00f8rn under 15 \u00e5r g\u00e6lder det, at for\u00e6ldrene har stemmeret med en stemme pr. barn \u2013 dog s\u00e5ledes, at hver person kun kan stemme en gang.&nbsp;<\/p>\n\n\n\n<ul class=\"wp-block-list\">\n<li>7.<\/li>\n<\/ul>\n\n\n\n<p>Medlemskabet er \u00e5bent for alle, der betaler kontingent efter g\u00e6ldende regler.&nbsp;<\/p>\n\n\n\n<p>Kontingent fasts\u00e6ttes af bestyrelsen. Restance h\u00f8jest 3 m\u00e5neder, derefter karant\u00e6ne.&nbsp;<\/p>\n\n\n\n<ul class=\"wp-block-list\">\n<li>8.<\/li>\n<\/ul>\n\n\n\n<p>Medlemmer, der deltager i klubbens arrangementer, er pligtige til at rette sig efter de ansvarlige ledere.&nbsp;<\/p>\n\n\n\n<ul class=\"wp-block-list\">\n<li>9.<\/li>\n<\/ul>\n\n\n\n<p>Bestyrelsen kan s\u00e6tte et medlem i karant\u00e6ne, hvis ovenst\u00e5ende regler ikke overholdes, dog kan vedkommende forlange sin sag optaget p\u00e5 en ordin\u00e6r generalforsamling.&nbsp;<\/p>\n\n\n\n<ul class=\"wp-block-list\">\n<li>10.<\/li>\n<\/ul>\n\n\n\n<p>Klubben kan ikke opl\u00f8ses, s\u00e5 s\u00e5fremt 15medlemmer \u00f8nsker den opretholdt.&nbsp;<\/p>\n\n\n\n<p>I tilf\u00e6lde af klubbens oph\u00f8r, henl\u00e6gges klubbens ejendele til start af ny klub.&nbsp;<\/p>\n\n\n\n<p>Klubbens evt. formue hens\u00e6ttes p\u00e5 sp\u00e6rret konto.&nbsp;<\/p>\n\n\n\n<p>S\u00e5fremt der ej er op \/ startet ny klub indenfor 5 \u00e5r fordeles formue og ejendele til almen lignende foreninger i gamle Nr. \u00c5by Kommune.&nbsp;<\/p>\n\n\n\n<ul class=\"wp-block-list\">\n<li>11.<\/li>\n<\/ul>\n\n\n\n<p>Klubben h\u00e6fter kun for sine forpligtelser med den af klubben til enhver tid tilh\u00f8rende formue.&nbsp;<\/p>\n\n\n\n<p>Der p\u00e5hviler ikke klubbens medlemmer eller bestyrelse nogen personlig h\u00e6ftelse.&nbsp;<\/p>\n\n\n\n<p>Stk. 1.&nbsp;<\/p>\n\n\n\n<p>Klubben har ingen forpligtelser for mulige ulykkestilf\u00e6lde, hvad enten disse m\u00e5tte indtr\u00e6ffe under tr\u00e6ning eller i konkurrence.&nbsp;<\/p>\n\n\n\n<ul class=\"wp-block-list\">\n<li>12.<\/li>\n<\/ul>\n\n\n\n<p>Forandringer af disse love kan kun ske, n\u00e5r der p\u00e5 en generalforsamling afgives 2\/3 af de tilstedev\u00e6rende stemmer herfor, dog mindst 15 stemmer.&nbsp;<\/p>\n\n\n\n<p>Vedtaget&nbsp; Nr. \u00c5by d. 7. April 2017.&nbsp;<\/p>\n","protected":false},"excerpt":{"rendered":"<p>Vedt\u00e6gter for N\u00f8rre&nbsp; Aaby&nbsp; B\u00e5ring&nbsp; H\u00e5ndbold Klub.&nbsp; Ekstraordin\u00e6r generalforsamling afholdes, n\u00e5r mindst 20 medlemmer kr\u00e6ver det, eller n\u00e5r bestyrelsen indvarsler hertil.&nbsp; Formanden skal underrettes om beg\u00e6ringen og ledsages af forslag til dagsordenen.&nbsp; Generalforsamlingen er klubbens \u00f8verste myndighed. Bestyrelsen konstituerer sig s\u00e5ledes: Valg af formand, kasserer og sekret\u00e6r.&nbsp; Desuden v\u00e6lges tovholdere til de forskellige udvalg.&nbsp; Udvalgene [&hellip;]<\/p>\n","protected":false},"author":2,"featured_media":0,"parent":0,"menu_order":0,"comment_status":"closed","ping_status":"closed","template":"","meta":{"footnotes":""},"class_list":["post-1213","page","type-page","status-publish","hentry"],"_links":{"self":[{"href":"https:\/\/nbhk.dk\/index.php?rest_route=\/wp\/v2\/pages\/1213","targetHints":{"allow":["GET"]}}],"collection":[{"href":"https:\/\/nbhk.dk\/index.php?rest_route=\/wp\/v2\/pages"}],"about":[{"href":"https:\/\/nbhk.dk\/index.php?rest_route=\/wp\/v2\/types\/page"}],"author":[{"embeddable":true,"href":"https:\/\/nbhk.dk\/index.php?rest_route=\/wp\/v2\/users\/2"}],"replies":[{"embeddable":true,"href":"https:\/\/nbhk.dk\/index.php?rest_route=%2Fwp%2Fv2%2Fcomments&post=1213"}],"version-history":[{"count":1,"href":"https:\/\/nbhk.dk\/index.php?rest_route=\/wp\/v2\/pages\/1213\/revisions"}],"predecessor-version":[{"id":1214,"href":"https:\/\/nbhk.dk\/index.php?rest_route=\/wp\/v2\/pages\/1213\/revisions\/1214"}],"wp:attachment":[{"href":"https:\/\/nbhk.dk\/index.php?rest_route=%2Fwp%2Fv2%2Fmedia&parent=1213"}],"curies":[{"name":"wp","href":"https:\/\/api.w.org\/{rel}","templated":true}]}}