{"id":1191,"date":"2023-07-18T19:02:21","date_gmt":"2023-07-18T19:02:21","guid":{"rendered":"https:\/\/nbhk.dk\/?page_id=1191"},"modified":"2024-08-25T14:18:21","modified_gmt":"2024-08-25T14:18:21","slug":"team-vestfyn","status":"publish","type":"page","link":"https:\/\/nbhk.dk\/?page_id=1191","title":{"rendered":"TEAM Vestfyn"},"content":{"rendered":"\n<p>Team Vestfyn er et holdsamarbejde mellem N\u00f8rre-Aaby B\u00e5ring H\u00e5ndbold<br>og GV Ejby H\u00e5ndbold<\/p>\n\n\n\n<p>Spillere fra U11 til og med senior spiller i dette samarbejde hvor tr\u00e6ningen foreg\u00e5r p\u00e5 skift mellem Ejbyhallen og Vestfyns Kultur og Idr\u00e6tscenter i N\u00f8rre Aaby<\/p>\n\n\n\n<figure class=\"wp-block-gallery has-nested-images columns-default is-cropped wp-block-gallery-1 is-layout-flex wp-block-gallery-is-layout-flex\">\n<figure class=\"wp-block-image size-large\"><img loading=\"lazy\" decoding=\"async\" width=\"484\" height=\"652\" data-id=\"1280\" src=\"https:\/\/nbhk.dk\/wp-content\/uploads\/2024\/08\/traeningstider-24-25.jpg\" alt=\"\" class=\"wp-image-1280\" srcset=\"https:\/\/nbhk.dk\/wp-content\/uploads\/2024\/08\/traeningstider-24-25.jpg 484w, https:\/\/nbhk.dk\/wp-content\/uploads\/2024\/08\/traeningstider-24-25-223x300.jpg 223w\" sizes=\"auto, (max-width: 484px) 100vw, 484px\" \/><\/figure>\n<\/figure>\n\n\n\n<p>Tjek\u00a0<a href=\"http:\/\/www.teamvestfyn.dk\/\" target=\"_blank\" rel=\"noreferrer noopener\">www.teamvestfyn.dk<\/a>\u00a0for mere info.<\/p>\n","protected":false},"excerpt":{"rendered":"<p>Team Vestfyn er et holdsamarbejde mellem N\u00f8rre-Aaby B\u00e5ring H\u00e5ndboldog GV Ejby H\u00e5ndbold Spillere fra U11 til og med senior spiller i dette samarbejde hvor tr\u00e6ningen foreg\u00e5r p\u00e5 skift mellem Ejbyhallen og Vestfyns Kultur og Idr\u00e6tscenter i N\u00f8rre Aaby Tjek\u00a0www.teamvestfyn.dk\u00a0for mere info.<\/p>\n","protected":false},"author":2,"featured_media":0,"parent":0,"menu_order":0,"comment_status":"closed","ping_status":"closed","template":"","meta":{"footnotes":""},"class_list":["post-1191","page","type-page","status-publish","hentry"],"_links":{"self":[{"href":"https:\/\/nbhk.dk\/index.php?rest_route=\/wp\/v2\/pages\/1191","targetHints":{"allow":["GET"]}}],"collection":[{"href":"https:\/\/nbhk.dk\/index.php?rest_route=\/wp\/v2\/pages"}],"about":[{"href":"https:\/\/nbhk.dk\/index.php?rest_route=\/wp\/v2\/types\/page"}],"author":[{"embeddable":true,"href":"https:\/\/nbhk.dk\/index.php?rest_route=\/wp\/v2\/users\/2"}],"replies":[{"embeddable":true,"href":"https:\/\/nbhk.dk\/index.php?rest_route=%2Fwp%2Fv2%2Fcomments&post=1191"}],"version-history":[{"count":3,"href":"https:\/\/nbhk.dk\/index.php?rest_route=\/wp\/v2\/pages\/1191\/revisions"}],"predecessor-version":[{"id":1281,"href":"https:\/\/nbhk.dk\/index.php?rest_route=\/wp\/v2\/pages\/1191\/revisions\/1281"}],"wp:attachment":[{"href":"https:\/\/nbhk.dk\/index.php?rest_route=%2Fwp%2Fv2%2Fmedia&parent=1191"}],"curies":[{"name":"wp","href":"https:\/\/api.w.org\/{rel}","templated":true}]}}