{"id":1160,"date":"2023-07-18T18:44:12","date_gmt":"2023-07-18T18:44:12","guid":{"rendered":"https:\/\/nbhk.dk\/?page_id=1160"},"modified":"2024-08-25T15:00:10","modified_gmt":"2024-08-25T15:00:10","slug":"om-klubben","status":"publish","type":"page","link":"https:\/\/nbhk.dk\/?page_id=1160","title":{"rendered":"Om Klubben"},"content":{"rendered":"\n<p>Nr. Aaby B\u00e5ring H\u00e5ndbold har tilbudt borgerne i og omkring N\u00f8rre Aaby h\u00e5ndbold helt tilbage til starten af 60\u2019erne.<\/p>\n\n\n\n<p>Vi har mellem 110-150 medlemmer prim\u00e6rt b\u00f8rn og ungdomspillere under 25 \u00e5r. I turneringssammenh\u00e6ng samarbejder vi med GV Ejby for \u00e5rgangene U11- senior under\u00a0<a href=\"http:\/\/www.teamvestfyn.dk\/\" target=\"_blank\" rel=\"noreferrer noopener\">Team Vestfyn<\/a>, for at sikre at kunne tilbyde hold p\u00e5 alle \u00e5rgange samt flere niveauer.<\/p>\n\n\n\n<p>Vi \u00f8nsker at v\u00e6re en klub, hvor der er plads til alle uanset social status og sportsligt niveau. Vi l\u00e6gger derfor v\u00e6gt p\u00e5 at kunne tilbyde alle vores medlemmer et lavt kontingent, samt at klubben giver tilskud til alle st\u00e6vner p\u00e5 alle hold.<\/p>\n\n\n\n<p>Team Vestfyn tr\u00e6ner b\u00e5de i Vestfyns Kultur og Idr\u00e6tscenter og i Ejbyhallen. Vi har heldigvis opbakkende for\u00e6ldre, som laver f\u00e6llesk\u00f8rsel, s\u00e5 alle spillere har mulighed for at tr\u00e6ne to gange om ugen.<\/p>\n\n\n\n<p>Hvert \u00e5r deltager vores ungdomshold i en opstartsweekend i Vestfynshallerne med fokus p\u00e5 det sociale p\u00e5 det enkelte hold samt p\u00e5 tv\u00e6rs af holdene. Som afslutning p\u00e5 s\u00e6sonen deltager hvert hold i et st\u00e6vne i en hel weekend. Vi byder dig og dit barn hjertelig velkommen til Nr. Aaby B\u00e5ring H\u00e5ndbold og h\u00e5ber I som familie vil f\u00e5 meget gl\u00e6de af klubben.<br>Har du gode ideer eller mangler du svar p\u00e5 sp\u00f8rgsm\u00e5l, s\u00e5 er du altid velkommen til at kontakte os.<\/p>\n","protected":false},"excerpt":{"rendered":"<p>Nr. Aaby B\u00e5ring H\u00e5ndbold har tilbudt borgerne i og omkring N\u00f8rre Aaby h\u00e5ndbold helt tilbage til starten af 60\u2019erne. Vi har mellem 110-150 medlemmer prim\u00e6rt b\u00f8rn og ungdomspillere under 25 \u00e5r. I turneringssammenh\u00e6ng samarbejder vi med GV Ejby for \u00e5rgangene U11- senior under\u00a0Team Vestfyn, for at sikre at kunne tilbyde hold p\u00e5 alle \u00e5rgange samt [&hellip;]<\/p>\n","protected":false},"author":2,"featured_media":0,"parent":0,"menu_order":0,"comment_status":"closed","ping_status":"closed","template":"templates\/template-full-width.php","meta":{"footnotes":""},"class_list":["post-1160","page","type-page","status-publish","hentry"],"_links":{"self":[{"href":"https:\/\/nbhk.dk\/index.php?rest_route=\/wp\/v2\/pages\/1160","targetHints":{"allow":["GET"]}}],"collection":[{"href":"https:\/\/nbhk.dk\/index.php?rest_route=\/wp\/v2\/pages"}],"about":[{"href":"https:\/\/nbhk.dk\/index.php?rest_route=\/wp\/v2\/types\/page"}],"author":[{"embeddable":true,"href":"https:\/\/nbhk.dk\/index.php?rest_route=\/wp\/v2\/users\/2"}],"replies":[{"embeddable":true,"href":"https:\/\/nbhk.dk\/index.php?rest_route=%2Fwp%2Fv2%2Fcomments&post=1160"}],"version-history":[{"count":5,"href":"https:\/\/nbhk.dk\/index.php?rest_route=\/wp\/v2\/pages\/1160\/revisions"}],"predecessor-version":[{"id":1283,"href":"https:\/\/nbhk.dk\/index.php?rest_route=\/wp\/v2\/pages\/1160\/revisions\/1283"}],"wp:attachment":[{"href":"https:\/\/nbhk.dk\/index.php?rest_route=%2Fwp%2Fv2%2Fmedia&parent=1160"}],"curies":[{"name":"wp","href":"https:\/\/api.w.org\/{rel}","templated":true}]}}