{"id":1135,"date":"2023-03-21T19:46:27","date_gmt":"2023-03-21T19:46:27","guid":{"rendered":"https:\/\/nbhk.dk\/?page_id=1135"},"modified":"2023-03-21T19:47:18","modified_gmt":"2023-03-21T19:47:18","slug":"corona","status":"publish","type":"page","link":"https:\/\/nbhk.dk\/?page_id=1135","title":{"rendered":"Corona"},"content":{"rendered":"\n<p>Retningslinjer for f\u00e6rdsel i Vestfyns Kultur og Idr\u00e6tscenter,<br>Hjemmebane for Nr.Aaby &#8211; B\u00e5ring H\u00e5ndbold.<br>Opdateret d. 1\/2-2022<\/p>\n\n\n\n<p><strong>Der er ikke l\u00e6ngere nogen restriktioner i hallerne.<\/strong><\/p>\n\n\n\n<p>Fra 1\/2 er Covid-19 ikke l\u00e6ngere en kritisk sygdom, hvorfor der ikke er restriktioner at skulle overholde, og hallerne igen er tilbage i helt normalt gear.<br>Vi opfordrer derfor til at alle f\u00f8lge Sundhedsstyrelsens gode r\u00e5d alligevel.<\/p>\n\n\n\n<ul class=\"wp-block-list\">\n<li>Bliv Hjemme hvis du har symptomer<\/li>\n\n\n\n<li>Vask h\u00e6nder eller brug h\u00e5ndsprit<\/li>\n\n\n\n<li>Hold afstand<\/li>\n<\/ul>\n","protected":false},"excerpt":{"rendered":"<p>Retningslinjer for f\u00e6rdsel i Vestfyns Kultur og Idr\u00e6tscenter,Hjemmebane for Nr.Aaby &#8211; B\u00e5ring H\u00e5ndbold.Opdateret d. 1\/2-2022 Der er ikke l\u00e6ngere nogen restriktioner i hallerne. Fra 1\/2 er Covid-19 ikke l\u00e6ngere en kritisk sygdom, hvorfor der ikke er restriktioner at skulle overholde, og hallerne igen er tilbage i helt normalt gear.Vi opfordrer derfor til at alle f\u00f8lge [&hellip;]<\/p>\n","protected":false},"author":2,"featured_media":0,"parent":1106,"menu_order":0,"comment_status":"closed","ping_status":"closed","template":"","meta":{"footnotes":""},"class_list":["post-1135","page","type-page","status-publish","hentry"],"_links":{"self":[{"href":"https:\/\/nbhk.dk\/index.php?rest_route=\/wp\/v2\/pages\/1135","targetHints":{"allow":["GET"]}}],"collection":[{"href":"https:\/\/nbhk.dk\/index.php?rest_route=\/wp\/v2\/pages"}],"about":[{"href":"https:\/\/nbhk.dk\/index.php?rest_route=\/wp\/v2\/types\/page"}],"author":[{"embeddable":true,"href":"https:\/\/nbhk.dk\/index.php?rest_route=\/wp\/v2\/users\/2"}],"replies":[{"embeddable":true,"href":"https:\/\/nbhk.dk\/index.php?rest_route=%2Fwp%2Fv2%2Fcomments&post=1135"}],"version-history":[{"count":1,"href":"https:\/\/nbhk.dk\/index.php?rest_route=\/wp\/v2\/pages\/1135\/revisions"}],"predecessor-version":[{"id":1136,"href":"https:\/\/nbhk.dk\/index.php?rest_route=\/wp\/v2\/pages\/1135\/revisions\/1136"}],"up":[{"embeddable":true,"href":"https:\/\/nbhk.dk\/index.php?rest_route=\/wp\/v2\/pages\/1106"}],"wp:attachment":[{"href":"https:\/\/nbhk.dk\/index.php?rest_route=%2Fwp%2Fv2%2Fmedia&parent=1135"}],"curies":[{"name":"wp","href":"https:\/\/api.w.org\/{rel}","templated":true}]}}